{"id":360,"date":"2024-12-12T12:44:29","date_gmt":"2024-12-12T12:44:29","guid":{"rendered":"https:\/\/chatterieduhameaudelareine.com\/?page_id=360"},"modified":"2024-12-12T13:16:19","modified_gmt":"2024-12-12T13:16:19","slug":"conditions","status":"publish","type":"page","link":"https:\/\/chatterieduhameaudelareine.com\/index.php\/conditions\/","title":{"rendered":"Conditions d&rsquo;adoption"},"content":{"rendered":"<p style=\"text-align: center;\">Nos chatons ne quittent pas la maison avant l\u2019\u00e2ge de 14\/15 semaines.<br \/>\nL\u2019\u00e9ducation des chatons par leur maman est essentielle jusqu\u2019\u00e0 leurs 3 mois r\u00e9volus, afin de leur assurer une bonne sociabilisation. Ils peuvent ensuite rejoindre leurs nouvelles familles apr\u00e8s st\u00e9rilisation.<\/p>\n<p style=\"text-align: center;\">Tous nos chatons sont vendus :<\/p>\n<p style=\"text-align: center;\">inscrits au loof,<\/p>\n<p style=\"text-align: center;\">identifi\u00e9s par puce \u00e9lectronique,<\/p>\n<p style=\"text-align: center;\">int\u00e9gralement vaccin\u00e9s (typhus, coryza, leucose, chlamydiose)<\/p>\n<p style=\"text-align: center;\">trait\u00e9s contre tout parasite interne et externe. Leurs parents sont test\u00e9s FIV\/Felv n\u00e9gatifs, et prim\u00e9s en exposition.<\/p>\n<p>&nbsp;<\/p>\n<p style=\"text-align: center;\">Tous les chatons sont st\u00e9rilis\u00e9s.<\/p>\n<p>Le jour du d\u00e9part, nous remettons \u00e0 leurs nouveaux propri\u00e9taires :<br \/>\n* le contrat de vente<br \/>\n* la photocopie de l\u2019inscription au loof en cours<br \/>\n* le carnet de sant\u00e9<br \/>\n* un certificat de bonne sant\u00e9 \u00e9tabli par notre v\u00e9t\u00e9rinaire<br \/>\n* un kit chaton (alimentation de qualit\u00e9, jouets etc)<br \/>\n* une documentation sp\u00e9cifique pour l\u2019accueil du chaton<\/p>\n<p>&nbsp;<\/p>\n<p style=\"text-align: center;\">Nos chatons sont vendus 1600 \u20ac.<\/p>\n<p style=\"text-align: center;\">Nous tenons \u00e0 pr\u00e9ciser que le prix de nos chatons ne se n\u00e9gocie pas.<\/p>\n<p>&nbsp;<\/p>\n<p style=\"text-align: center;\">Si un chaton vous int\u00e9resse, n\u2019h\u00e9sitez pas \u00e0 nous contacter. Une option est alors envisageable. Cependant une visite de votre part sera indispensable avant d&rsquo;envisager une r\u00e9servation definitive.<\/p>\n<p>Si votre choix se porte d\u00e9finitivement sur un de nos chatons, nous vous demanderons des arrhes, afin que la r\u00e9servation soit effective. Sans ces arrhes, le chaton est consid\u00e9r\u00e9 comme \u00e9tant toujours disponible \u00e0 la vente.<br \/>\nUne fois les arrhes vers\u00e9es, nous vous remettons un certificat de r\u00e9servation.<\/p>\n<p>Enfin, nous souhaitons vivement avoir des nouvelles des b\u00e9b\u00e9s qui quittent la maison. En effet, ces petits bouts, nous les avons vu na\u00eetre, nous les avons aim\u00e9s, et continuons \u00e0 les aimer m\u00eame apr\u00e8s leur d\u00e9part.<\/p>\n<p>Nous restons bien \u00e9videmment \u00e0 votre disposition en cas de besoin.<\/p>\n<p>&nbsp;<\/p>\n","protected":false},"excerpt":{"rendered":"<p>Nos chatons ne quittent pas la maison avant l\u2019\u00e2ge de 14\/15 semaines. L\u2019\u00e9ducation des chatons par leur maman est essentielle jusqu\u2019\u00e0 leurs 3 mois r\u00e9volus, afin de leur assurer une bonne sociabilisation. Ils peuvent ensuite rejoindre leurs nouvelles familles apr\u00e8s st\u00e9rilisation. Tous nos chatons sont vendus : inscrits au loof, identifi\u00e9s par puce \u00e9lectronique, int\u00e9gralement [&hellip;]<\/p>\n","protected":false},"author":1,"featured_media":0,"parent":0,"menu_order":0,"comment_status":"closed","ping_status":"closed","template":"","meta":{"_acf_changed":false,"footnotes":""},"class_list":["post-360","page","type-page","status-publish","hentry"],"acf":[],"yoast_head":"<!-- This site is optimized with the Yoast SEO plugin v23.9 - https:\/\/yoast.com\/wordpress\/plugins\/seo\/ -->\n<title>Conditions d&#039;adoption - Chatterie du Hameau de la Reine<\/title>\n<meta name=\"robots\" content=\"index, follow, max-snippet:-1, max-image-preview:large, max-video-preview:-1\" \/>\n<link rel=\"canonical\" href=\"https:\/\/chatterieduhameaudelareine.com\/index.php\/conditions\/\" \/>\n<meta property=\"og:locale\" content=\"fr_FR\" \/>\n<meta property=\"og:type\" content=\"article\" \/>\n<meta property=\"og:title\" content=\"Conditions d&#039;adoption - Chatterie du Hameau de la Reine\" \/>\n<meta property=\"og:description\" content=\"Nos chatons ne quittent pas la maison avant l\u2019\u00e2ge de 14\/15 semaines. L\u2019\u00e9ducation des chatons par leur maman est essentielle jusqu\u2019\u00e0 leurs 3 mois r\u00e9volus, afin de leur assurer une bonne sociabilisation. Ils peuvent ensuite rejoindre leurs nouvelles familles apr\u00e8s st\u00e9rilisation. Tous nos chatons sont vendus : inscrits au loof, identifi\u00e9s par puce \u00e9lectronique, int\u00e9gralement [&hellip;]\" \/>\n<meta property=\"og:url\" content=\"https:\/\/chatterieduhameaudelareine.com\/index.php\/conditions\/\" \/>\n<meta property=\"og:site_name\" content=\"Chatterie du Hameau de la Reine\" \/>\n<meta property=\"article:modified_time\" content=\"2024-12-12T13:16:19+00:00\" \/>\n<meta name=\"twitter:card\" content=\"summary_large_image\" \/>\n<meta name=\"twitter:label1\" content=\"Dur\u00e9e de lecture estim\u00e9e\" \/>\n\t<meta name=\"twitter:data1\" content=\"2 minutes\" \/>\n<script type=\"application\/ld+json\" class=\"yoast-schema-graph\">{\"@context\":\"https:\/\/schema.org\",\"@graph\":[{\"@type\":\"WebPage\",\"@id\":\"https:\/\/chatterieduhameaudelareine.com\/index.php\/conditions\/\",\"url\":\"https:\/\/chatterieduhameaudelareine.com\/index.php\/conditions\/\",\"name\":\"Conditions d'adoption - Chatterie du Hameau de la Reine\",\"isPartOf\":{\"@id\":\"https:\/\/chatterieduhameaudelareine.com\/#website\"},\"datePublished\":\"2024-12-12T12:44:29+00:00\",\"dateModified\":\"2024-12-12T13:16:19+00:00\",\"breadcrumb\":{\"@id\":\"https:\/\/chatterieduhameaudelareine.com\/index.php\/conditions\/#breadcrumb\"},\"inLanguage\":\"fr-FR\",\"potentialAction\":[{\"@type\":\"ReadAction\",\"target\":[\"https:\/\/chatterieduhameaudelareine.com\/index.php\/conditions\/\"]}]},{\"@type\":\"BreadcrumbList\",\"@id\":\"https:\/\/chatterieduhameaudelareine.com\/index.php\/conditions\/#breadcrumb\",\"itemListElement\":[{\"@type\":\"ListItem\",\"position\":1,\"name\":\"Accueil\",\"item\":\"https:\/\/chatterieduhameaudelareine.com\/\"},{\"@type\":\"ListItem\",\"position\":2,\"name\":\"Conditions d&rsquo;adoption\"}]},{\"@type\":\"WebSite\",\"@id\":\"https:\/\/chatterieduhameaudelareine.com\/#website\",\"url\":\"https:\/\/chatterieduhameaudelareine.com\/\",\"name\":\"Chatterie du Hameau de la Reine\",\"description\":\"Elevage familial de Sacr\u00e9 de Birmanie\",\"publisher\":{\"@id\":\"https:\/\/chatterieduhameaudelareine.com\/#organization\"},\"potentialAction\":[{\"@type\":\"SearchAction\",\"target\":{\"@type\":\"EntryPoint\",\"urlTemplate\":\"https:\/\/chatterieduhameaudelareine.com\/?s={search_term_string}\"},\"query-input\":{\"@type\":\"PropertyValueSpecification\",\"valueRequired\":true,\"valueName\":\"search_term_string\"}}],\"inLanguage\":\"fr-FR\"},{\"@type\":\"Organization\",\"@id\":\"https:\/\/chatterieduhameaudelareine.com\/#organization\",\"name\":\"Chatterie du Hameau de la Reine\",\"url\":\"https:\/\/chatterieduhameaudelareine.com\/\",\"logo\":{\"@type\":\"ImageObject\",\"inLanguage\":\"fr-FR\",\"@id\":\"https:\/\/chatterieduhameaudelareine.com\/#\/schema\/logo\/image\/\",\"url\":\"https:\/\/chatterieduhameaudelareine.com\/wp-content\/uploads\/2024\/12\/cropped-logo.png\",\"contentUrl\":\"https:\/\/chatterieduhameaudelareine.com\/wp-content\/uploads\/2024\/12\/cropped-logo.png\",\"width\":1187,\"height\":248,\"caption\":\"Chatterie du Hameau de la Reine\"},\"image\":{\"@id\":\"https:\/\/chatterieduhameaudelareine.com\/#\/schema\/logo\/image\/\"}}]}<\/script>\n<!-- \/ Yoast SEO plugin. -->","yoast_head_json":{"title":"Conditions d'adoption - Chatterie du Hameau de la Reine","robots":{"index":"index","follow":"follow","max-snippet":"max-snippet:-1","max-image-preview":"max-image-preview:large","max-video-preview":"max-video-preview:-1"},"canonical":"https:\/\/chatterieduhameaudelareine.com\/index.php\/conditions\/","og_locale":"fr_FR","og_type":"article","og_title":"Conditions d'adoption - Chatterie du Hameau de la Reine","og_description":"Nos chatons ne quittent pas la maison avant l\u2019\u00e2ge de 14\/15 semaines. L\u2019\u00e9ducation des chatons par leur maman est essentielle jusqu\u2019\u00e0 leurs 3 mois r\u00e9volus, afin de leur assurer une bonne sociabilisation. Ils peuvent ensuite rejoindre leurs nouvelles familles apr\u00e8s st\u00e9rilisation. Tous nos chatons sont vendus : inscrits au loof, identifi\u00e9s par puce \u00e9lectronique, int\u00e9gralement [&hellip;]","og_url":"https:\/\/chatterieduhameaudelareine.com\/index.php\/conditions\/","og_site_name":"Chatterie du Hameau de la Reine","article_modified_time":"2024-12-12T13:16:19+00:00","twitter_card":"summary_large_image","twitter_misc":{"Dur\u00e9e de lecture estim\u00e9e":"2 minutes"},"schema":{"@context":"https:\/\/schema.org","@graph":[{"@type":"WebPage","@id":"https:\/\/chatterieduhameaudelareine.com\/index.php\/conditions\/","url":"https:\/\/chatterieduhameaudelareine.com\/index.php\/conditions\/","name":"Conditions d'adoption - Chatterie du Hameau de la Reine","isPartOf":{"@id":"https:\/\/chatterieduhameaudelareine.com\/#website"},"datePublished":"2024-12-12T12:44:29+00:00","dateModified":"2024-12-12T13:16:19+00:00","breadcrumb":{"@id":"https:\/\/chatterieduhameaudelareine.com\/index.php\/conditions\/#breadcrumb"},"inLanguage":"fr-FR","potentialAction":[{"@type":"ReadAction","target":["https:\/\/chatterieduhameaudelareine.com\/index.php\/conditions\/"]}]},{"@type":"BreadcrumbList","@id":"https:\/\/chatterieduhameaudelareine.com\/index.php\/conditions\/#breadcrumb","itemListElement":[{"@type":"ListItem","position":1,"name":"Accueil","item":"https:\/\/chatterieduhameaudelareine.com\/"},{"@type":"ListItem","position":2,"name":"Conditions d&rsquo;adoption"}]},{"@type":"WebSite","@id":"https:\/\/chatterieduhameaudelareine.com\/#website","url":"https:\/\/chatterieduhameaudelareine.com\/","name":"Chatterie du Hameau de la Reine","description":"Elevage familial de Sacr\u00e9 de Birmanie","publisher":{"@id":"https:\/\/chatterieduhameaudelareine.com\/#organization"},"potentialAction":[{"@type":"SearchAction","target":{"@type":"EntryPoint","urlTemplate":"https:\/\/chatterieduhameaudelareine.com\/?s={search_term_string}"},"query-input":{"@type":"PropertyValueSpecification","valueRequired":true,"valueName":"search_term_string"}}],"inLanguage":"fr-FR"},{"@type":"Organization","@id":"https:\/\/chatterieduhameaudelareine.com\/#organization","name":"Chatterie du Hameau de la Reine","url":"https:\/\/chatterieduhameaudelareine.com\/","logo":{"@type":"ImageObject","inLanguage":"fr-FR","@id":"https:\/\/chatterieduhameaudelareine.com\/#\/schema\/logo\/image\/","url":"https:\/\/chatterieduhameaudelareine.com\/wp-content\/uploads\/2024\/12\/cropped-logo.png","contentUrl":"https:\/\/chatterieduhameaudelareine.com\/wp-content\/uploads\/2024\/12\/cropped-logo.png","width":1187,"height":248,"caption":"Chatterie du Hameau de la Reine"},"image":{"@id":"https:\/\/chatterieduhameaudelareine.com\/#\/schema\/logo\/image\/"}}]}},"_links":{"self":[{"href":"https:\/\/chatterieduhameaudelareine.com\/index.php\/wp-json\/wp\/v2\/pages\/360","targetHints":{"allow":["GET"]}}],"collection":[{"href":"https:\/\/chatterieduhameaudelareine.com\/index.php\/wp-json\/wp\/v2\/pages"}],"about":[{"href":"https:\/\/chatterieduhameaudelareine.com\/index.php\/wp-json\/wp\/v2\/types\/page"}],"author":[{"embeddable":true,"href":"https:\/\/chatterieduhameaudelareine.com\/index.php\/wp-json\/wp\/v2\/users\/1"}],"replies":[{"embeddable":true,"href":"https:\/\/chatterieduhameaudelareine.com\/index.php\/wp-json\/wp\/v2\/comments?post=360"}],"version-history":[{"count":6,"href":"https:\/\/chatterieduhameaudelareine.com\/index.php\/wp-json\/wp\/v2\/pages\/360\/revisions"}],"predecessor-version":[{"id":362,"href":"https:\/\/chatterieduhameaudelareine.com\/index.php\/wp-json\/wp\/v2\/pages\/360\/revisions\/362"}],"wp:attachment":[{"href":"https:\/\/chatterieduhameaudelareine.com\/index.php\/wp-json\/wp\/v2\/media?parent=360"}],"curies":[{"name":"wp","href":"https:\/\/api.w.org\/{rel}","templated":true}]}}